{"id":727,"date":"2013-12-04T09:46:23","date_gmt":"2013-12-04T14:46:23","guid":{"rendered":"https:\/\/www.goexport.ca\/?page_id=727"},"modified":"2017-01-12T05:26:59","modified_gmt":"2017-01-12T10:26:59","slug":"notre-implication","status":"publish","type":"page","link":"https:\/\/www.goexport.ca\/es\/notre-implication\/","title":{"rendered":"Nuestra participaci\u00f3n"},"content":{"rendered":"[spb_text_block pb_margin_bottom=\u00bbno\u00bb pb_border_bottom=\u00bbno\u00bb width=\u00bb1\/1&#8243; el_position=\u00bbfirst last\u00bb]\n<h1>Carta de responsabilidad social de la empresa GoExport Inc.<\/h1>\n[\/spb_text_block] [spb_text_block pb_margin_bottom=\u00bbno\u00bb pb_border_bottom=\u00bbno\u00bb el_class=\u00bbmb0 pb0&#8243; width=\u00bb1\/3&#8243; el_position=\u00bbfirst\u00bb]\n<p>GoExport tiene como objetivo de responsabilidad social desarrollar lazos m\u00e1s fuertes entre Quebec y Am\u00e9rica latina. Somos conscientes de que el desarrollo de las relaciones Norte-Sur no deben ser \u00a0\u00fanicamente comerciales. Por lo tanto, GoExport espera tambi\u00e9n poder contribuir a la proyecci\u00f3n cultural y social de Quebec en\u00a0 Am\u00e9rica latina y viceversa.<\/p>\n[\/spb_text_block] [spb_text_block pb_margin_bottom=\u00bbno\u00bb pb_border_bottom=\u00bbno\u00bb el_class=\u00bbmb0 pb0&#8243; width=\u00bb1\/3&#8243;]\n<p>GoExport Inc. se ha comprometido a ser una empresa responsable que no solo est\u00e1 involucrada en el desarrollo de su comunidad, sino tambi\u00e9n en los pa\u00edses donde opera. Nuestro equipo multidisciplinario est\u00e1 comprometido en usar sus habilidades en pro del desarrollo de negocios en Am\u00e9rica latina para apoyar diversos organismos quebequenses sin fines de lucro que promueven el desarrollo de Am\u00e9rica latina.<\/p>\n[\/spb_text_block] [spb_text_block pb_margin_bottom=\u00bbno\u00bb pb_border_bottom=\u00bbno\u00bb el_class=\u00bbmb0 pb0&#8243; width=\u00bb1\/3&#8243; el_position=\u00bblast\u00bb]\n<p style=\"text-align: justify;\">GoExport tambi\u00e9n pretende apoyar organismos sin fines de lucro que formen parte de las comunidades latinas con las cuales tenemos relaciones comerciales . As\u00ed, originario de Bois-des-Fillion, GoExport est\u00e1 orgulloso de apoyar al Studio de la Rel\u00e8ve, organizaci\u00f3n ubicada en Rosem\u00e8re en la lucha contra la deserci\u00f3n escolar de la costa norte. Hoy en d\u00eda, nuestras oficinas ubicadas en el distrito de Rosemont-la-Petite-Patrie en Montreal, GoExport ha decidido apoyar a la organizaci\u00f3n Cyclo Nord-Sud en la b\u00fasqueda de nuevos socios en Am\u00e9rica latina.<\/p>\n[\/spb_text_block] [divider type=\u00bbdotted\u00bb text=\u00bbGo to top\u00bb full_width=\u00bbyes\u00bb width=\u00bb1\/1&#8243; el_position=\u00bbfirst last\u00bb] [spb_text_block pb_margin_bottom=\u00bbno\u00bb pb_border_bottom=\u00bbno\u00bb width=\u00bb1\/1&#8243; el_position=\u00bbfirst last\u00bb]\n<h1>Nuestra participaci\u00f3n<\/h1>\n[\/spb_text_block] [spb_text_block title=\u00bbEl Studio de la R\u00e8leve en M\u00e9xico\u00bb pb_margin_bottom=\u00bbno\u00bb pb_border_bottom=\u00bbno\u00bb el_class=\u00bbmb0 pb0&#8243; width=\u00bb1\/3&#8243; el_position=\u00bbfirst\u00bb]\n<p>El Studio de R\u00e8leve en M\u00e9xico, es un programa de intercambio cultural que promueve el intercambio musical entre j\u00f3venes Mexicanos y Canadienses. La participaci\u00f3n de GoExport \u00a0inicia con la Fundaci\u00f3n del estudio. Durante la presentaci\u00f3n del proyecto en el Concurso de Emprendedores de Quebec; Mathieu Alarie tuvo la oportunidad de reunirse con Christophe Danetz (Presidente del programa). De esa reuni\u00f3n, entre los empresarios crean la idea de a\u00f1adir un intercambio cultural con M\u00e9xico como premio para los ni\u00f1os que participan en el Studio.<\/p>\n<p>Gracias al apoyo de GoExport en el proyecto, se han establecido relaciones con la Secretar\u00eda de Cultura de la ciudad de M\u00e9xico, la red cultural de FARO, la Delegaci\u00f3n de Qu\u00e9bec en M\u00e9xico, el organismo sin fines de lucro Iniciativas Innovadoras el para Desarrollo Sustentable A.C. (IIDSAC) y el Circo Social Machincuepa patrocinado por Cirque du Soleil. Este a\u00f1o, un empleado de GoExport, El\u00e9onore Kuentz, coordin\u00f3 la comunicaci\u00f3n entre el Studio y las organizaciones mexicanas y tambi\u00e9n acompa\u00f1o al grupo para servir como int\u00e9rprete durante su estada<\/p>\n<p>Para saber m\u00e1s de este proyecto, se puede leer el art\u00edculo en <a href=\"http:\/\/humago.ca\/fr\/jeunesse\/item\/305-le-studio-de-la-releve-au-mexique\">HUMAGO<\/a> (\u00fanicamente en franc\u00e9s).<b><\/b><\/p>\n[\/spb_text_block] [spb_text_block title=\u00bbCyclo Nord-Sud en Am\u00e9rique Latina\u00bb pb_margin_bottom=\u00bbno\u00bb pb_border_bottom=\u00bbno\u00bb el_class=\u00bbmb0 pb0&#8243; width=\u00bb1\/3&#8243;]\n<p>En Octubre de 2013, GoExport se une en colaboraci\u00f3n a la iniciativa Cyclo Nord-Sud. \u00c9sta iniciativa busca \u00a0fortalecer el sistema de trasporte de las comunidades Latinas en depresi\u00f3n econ\u00f3mica, mediante la implementaci\u00f3n de un sistema de recolecci\u00f3n, reparaci\u00f3n y distribuci\u00f3n de bicicletas. GoExport se ofrece a apoyar a Cyclo Nord-Sud en la b\u00fasqueda de nuevos socios en Am\u00e9rica Latina, particularmente en M\u00e9xico, Nicaragua y Brasil.\u00a0 En M\u00e9xico se analiza cu\u00e1les son las regulaciones vigentes para la exportaci\u00f3n de bicicletas usadas y como estas regulaciones pueden ser integradas en el proyecto. En Nicaragua trabaja para determinar cu\u00e1les son las mejores y m\u00e1s efectivas formas de enviar las \u00a0bicicletas, y en Brasil se trabaja para determinar cu\u00e1les son las regiones que podr\u00edan verse beneficiadas de un programa como Cyclo Nord-Sud.\u00a0 Finalmente la contribuci\u00f3n de GoExport como miembro de la \u00a0iniciativa incluye tambi\u00e9n una donaci\u00f3n anual.<\/p>\n[\/spb_text_block] [spb_text_block title=\u00bbFundo Microcr\u00e9dito Basses-Laurentides\u00bb pb_margin_bottom=\u00bbno\u00bb pb_border_bottom=\u00bbno\u00bb el_class=\u00bbmb0 pb0&#8243; width=\u00bb1\/3&#8243; el_position=\u00bblast\u00bb]\n<p>GoExport hace parte del concejo administrativo del Fondo Microcr\u00e9dito Basses-Laurentides. Este Fondo busca desarrollar el potencial empresarial de personas que debido a sus bajos ingresos han sido excluidas del actual modelo financiero.\u00a0 El fondo proporciona asistencia t\u00e9cnica y acceso a financiaci\u00f3n en forma de microcr\u00e9ditos destinados a implementar proyectos empresariales.<\/p>\n[\/spb_text_block]\n","protected":false},"excerpt":{"rendered":"<p>[spb_text_block pb_margin_bottom=\u00bbno\u00bb pb_border_bottom=\u00bbno\u00bb width=\u00bb1\/1&#8243; el_position=\u00bbfirst last\u00bb] Carta de responsabilidad social de la empresa GoExport Inc. [\/spb_text_block] [spb_text_block pb_margin_bottom=\u00bbno\u00bb pb_border_bottom=\u00bbno\u00bb el_class=\u00bbmb0 pb0&#8243; width=\u00bb1\/3&#8243; el_position=\u00bbfirst\u00bb] GoExport tiene como objetivo de responsabilidad social desarrollar lazos m\u00e1s fuertes entre Quebec y Am\u00e9rica latina. Somos conscientes de que el desarrollo de las relaciones Norte-Sur no deben ser \u00a0\u00fanicamente comerciales. Por lo tanto, GoExport espera tambi\u00e9n [&hellip;]<\/p>\n","protected":false},"author":1,"featured_media":0,"parent":0,"menu_order":75,"comment_status":"closed","ping_status":"closed","template":"","meta":{"om_disable_all_campaigns":false,"_mi_skip_tracking":false,"_monsterinsights_sitenote_active":false,"_monsterinsights_sitenote_note":"","_monsterinsights_sitenote_category":0,"_uf_show_specific_survey":0,"_uf_disable_surveys":false,"footnotes":""},"aioseo_notices":[],"_links":{"self":[{"href":"https:\/\/www.goexport.ca\/es\/wp-json\/wp\/v2\/pages\/727"}],"collection":[{"href":"https:\/\/www.goexport.ca\/es\/wp-json\/wp\/v2\/pages"}],"about":[{"href":"https:\/\/www.goexport.ca\/es\/wp-json\/wp\/v2\/types\/page"}],"author":[{"embeddable":true,"href":"https:\/\/www.goexport.ca\/es\/wp-json\/wp\/v2\/users\/1"}],"replies":[{"embeddable":true,"href":"https:\/\/www.goexport.ca\/es\/wp-json\/wp\/v2\/comments?post=727"}],"version-history":[{"count":4,"href":"https:\/\/www.goexport.ca\/es\/wp-json\/wp\/v2\/pages\/727\/revisions"}],"predecessor-version":[{"id":997,"href":"https:\/\/www.goexport.ca\/es\/wp-json\/wp\/v2\/pages\/727\/revisions\/997"}],"wp:attachment":[{"href":"https:\/\/www.goexport.ca\/es\/wp-json\/wp\/v2\/media?parent=727"}],"curies":[{"name":"wp","href":"https:\/\/api.w.org\/{rel}","templated":true}]}}