{"id":2203,"date":"2017-08-08T11:21:43","date_gmt":"2017-08-08T15:21:43","guid":{"rendered":"https:\/\/www.goexport.ca\/?page_id=2203"},"modified":"2017-08-08T11:25:38","modified_gmt":"2017-08-08T15:25:38","slug":"nuestra-historia","status":"publish","type":"page","link":"https:\/\/www.goexport.ca\/es\/nuestra-historia\/","title":{"rendered":"Nuestra Historia"},"content":{"rendered":"[spb_text_block pb_margin_bottom=\u00bbno\u00bb pb_border_bottom=\u00bbno\u00bb width=\u00bb1\/1&#8243; el_position=\u00bbfirst last\u00bb]\n<h3>GoExport fue fundada en septiembre de 2007 por Mathieu Alarie y Louis-Philippe Bourgeois. Los dos copropietarios, con su experiencia en el desarrollo de alianzas empresariales, asociaciones estrat\u00e9gicas y las exportaciones, se han dado la misi\u00f3n de desarrollar las ventas de los fabricantes en Am\u00e9rica Latina, una regi\u00f3n del mundo todav\u00eda en ebullici\u00f3n.<\/h3>\n[\/spb_text_block] [blank_spacer height=\u00bb30px\u00bb width=\u00bb1\/1&#8243; el_position=\u00bbfirst last\u00bb] [spb_text_block pb_margin_bottom=\u00bbno\u00bb pb_border_bottom=\u00bbno\u00bb width=\u00bb1\/3&#8243; el_position=\u00bbfirst\u00bb]\n<p style=\"text-align: center;\"><div class=\"chart-shortcode chart-170 chart-center\" data-linewidth=\"5\" data-percent=\"0\" data-animatepercent=\"10\" data-size=\"170\" data-barcolor=\"#05bf60\" data-trackcolor=\"#e4e4e4\"><span>2007<\/span><\/div>\n<h6 style=\"text-align: center;\">Fundaci\u00f3n de GoExport<\/h6>\n<h6 style=\"text-align: center;\">Primer empleado en M\u00e9xico<\/h6>\n[\/spb_text_block] [spb_text_block pb_margin_bottom=\u00bbno\u00bb pb_border_bottom=\u00bbno\u00bb width=\u00bb1\/3&#8243;]\n<p style=\"text-align: center;\"><div class=\"chart-shortcode chart-170 chart-center\" data-linewidth=\"5\" data-percent=\"0\" data-animatepercent=\"35\" data-size=\"170\" data-barcolor=\"#05bf60\" data-trackcolor=\"#e4e4e4\"><span>2009<\/span><\/div>\n<h6 style=\"text-align: center;\">Apertura de la oficina en Irapuato, M\u00e9xico.<\/h6>\n<h6 style=\"text-align: center;\">Primer empleado en Sao Paulo, Brasil.<\/h6>\n[\/spb_text_block] [spb_text_block pb_margin_bottom=\u00bbno\u00bb pb_border_bottom=\u00bbno\u00bb width=\u00bb1\/3&#8243; el_position=\u00bblast\u00bb]\n<p style=\"text-align: center;\"><div class=\"chart-shortcode chart-170 chart-center\" data-linewidth=\"5\" data-percent=\"0\" data-animatepercent=\"60%\" data-size=\"170\" data-barcolor=\"#05bf60\" data-trackcolor=\"#e4e4e4\"><span>2011<\/span><\/div>\n<h6 style=\"text-align: center;\">Fundaci\u00f3n de Fuelex<\/h6>\n[\/spb_text_block] [spb_text_block pb_margin_bottom=\u00bbno\u00bb pb_border_bottom=\u00bbno\u00bb width=\u00bb1\/3&#8243; el_position=\u00bbfirst\u00bb]\n<p style=\"text-align: center;\"><div class=\"chart-shortcode chart-170 chart-center\" data-linewidth=\"5\" data-percent=\"0\" data-animatepercent=\"75\" data-size=\"170\" data-barcolor=\"#05bf60\" data-trackcolor=\"#e4e4e4\"><span>2013<\/span><\/div>\n<h6 style=\"text-align: center;\">Apertura de la oficina GoExport en Rio de Janeiro, Brasil.<\/h6>\n<h6 style=\"text-align: center;\">Apertura de Fuelex en Buenos Aires, Argentina.<\/h6>\n[\/spb_text_block] [spb_text_block pb_margin_bottom=\u00bbno\u00bb pb_border_bottom=\u00bbno\u00bb width=\u00bb1\/3&#8243;]\n<p style=\"text-align: center;\"><div class=\"chart-shortcode chart-170 chart-center\" data-linewidth=\"5\" data-percent=\"0\" data-animatepercent=\"85\" data-size=\"170\" data-barcolor=\"#05bf60\" data-trackcolor=\"#e4e4e4\"><span>2016<\/span><\/div>\n<h6 style=\"text-align: center;\">Fundacion de GoExport Europa y GoExport America.<\/h6>\n<h6 style=\"text-align: center;\">Apertura de la primera oficina en Europa en Lyon, France.<\/h6>\n[\/spb_text_block] [spb_text_block pb_margin_bottom=\u00bbno\u00bb pb_border_bottom=\u00bbno\u00bb width=\u00bb1\/3&#8243; el_position=\u00bblast\u00bb]\n<p style=\"text-align: center;\"><div class=\"chart-shortcode chart-170 chart-center\" data-linewidth=\"5\" data-percent=\"0\" data-animatepercent=\"95\" data-size=\"170\" data-barcolor=\"#05bf60\" data-trackcolor=\"#e4e4e4\"><span>2017<\/span><\/div>\n<h6 style=\"text-align: center;\">Fundacion de GoExport \u00c1frica.<\/h6>\n[\/spb_text_block] [blank_spacer height=\u00bb30px\u00bb width=\u00bb1\/1&#8243; el_position=\u00bbfirst last\u00bb] [spb_parallax parallax_type=\u00bbimage\u00bb bg_image=\u00bb127&#8243; bg_type=\u00bbcover\u00bb parallax_video_height=\u00bbcontent-height\u00bb parallax_video_overlay=\u00bbnone\u00bb parallax_image_height=\u00bbcontent-height\u00bb parallax_image_movement=\u00bbfixed\u00bb parallax_image_speed=\u00bb0.5&#8243; padding_horizontal=\u00bb15&#8243; alt_background=\u00bbnone\u00bb width=\u00bb1\/1&#8243; el_position=\u00bbfirst last\u00bb]\n<h1 style=\"text-align: left;\"><span style=\"color: #ffffff;\">DE LA APERTURA AL DIA DE HOY<\/span><\/h1>\n[\/spb_parallax] [blank_spacer height=\u00bb30px\u00bb width=\u00bb1\/1&#8243; el_position=\u00bbfirst last\u00bb] [spb_text_block pb_margin_bottom=\u00bbno\u00bb pb_border_bottom=\u00bbno\u00bb width=\u00bb1\/4&#8243; el_position=\u00bbfirst\u00bb]\n<p>GoExport fue fundada en septiembre de 2007 en Bois-des-Filion, sobre el lado Norte de Montr\u00e9al, por Mathieu Alarie y Louis-Philippe Bourgeois. Los dos socios tienen mucha experiencia en desarrollo comercial, alianzas estrat\u00e9gicas y en el \u00e1rea de las exportaciones. Con toda esta experiencia, los socios se pusieron\u00a0 como meta desarrollar las ventas de fabricantes en el continente\u00a0 de Am\u00e9rica Latina,\u00a0 una regi\u00f3n del mundo en pleno crecimiento.<\/p>\n[\/spb_text_block] [spb_text_block pb_margin_bottom=\u00bbno\u00bb pb_border_bottom=\u00bbno\u00bb width=\u00bb1\/4&#8243;]\n<p>De su primer a\u00f1o de existencia en 2007, Mathieu y Louis-Philippe contrataron el primer empleado en M\u00e9xico. A partir de este punto, ser\u00e1 el inicio del crecimiento internacional de GoExport. En 2008, GoExport obtuvo un pr\u00e9stamo de 15\u00a0000$ d\u00f3lares Canadienses,\u00a0 de la parte del programa Desjardins Jeunes Entrepreneurs Laurentides para sostener su desarrollo constante. Con este apoyo, GoExport inaugura su primera oficina Internacional en Irapuato, M\u00e9xico. El siguiente a\u00f1o, en 2010, Mathieu y Louis-Philippe se lanzaron para crear GoExport Brasil y contrataron el primer empleado en Sao Paulo.<\/p>\n[\/spb_text_block] [spb_text_block pb_margin_bottom=\u00bbno\u00bb pb_border_bottom=\u00bbno\u00bb width=\u00bb1\/4&#8243;]\n<p>Teniendo un gran \u00e9xito y un marcado crecimiento anual sostenido, desde el comienzo GoExport, se vio en la necesidad de encontrar unas oficinas m\u00e1s c\u00e9ntricas. Es por eso que en el 2011, la empresa se mud\u00f3 sobre la calle de Gasp\u00e9, en Montr\u00e9al. Los socios fundaron de igual manera Fuelex, una divisi\u00f3n de GoExport que prev\u00e9e satisfacer la alta demanda para las tecnolog\u00edas extranjeras en suministro de productos petroleros\u00a0 en Am\u00e9rica.<\/p>\n[\/spb_text_block] [spb_text_block pb_margin_bottom=\u00bbno\u00bb pb_border_bottom=\u00bbno\u00bb width=\u00bb1\/4&#8243; el_position=\u00bblast\u00bb]\n<p>Entre 2011 y 2013, GoExport y su equipo no han dejado de crecer. El equipo de GoExport se ha duplicado y su primera oficina en Brasil se inaugur\u00f3 en abril en 2013 en Rio de Janeiro. El mismo mes, Fuelex abri\u00f3 su primera oficina en Am\u00e9rica Latina, en Buenos Aires. Hoy en d\u00eda, las dos empresas fundadas por Mathieu y Louis-Philippe tienen un total de 10 empleados en cuatro pa\u00edses diferentes y trabajan en varias a\u00e9reas como, el sector petrolero, de la salud, del transporte, habilitaci\u00f3n y la agroindustria.<\/p>\n[\/spb_text_block] [divider type=\u00bbstandard\u00bb text=\u00bbGo to top\u00bb full_width=\u00bbno\u00bb width=\u00bb1\/1&#8243; el_position=\u00bbfirst last\u00bb]\n","protected":false},"excerpt":{"rendered":"<p>[spb_text_block pb_margin_bottom=\u00bbno\u00bb pb_border_bottom=\u00bbno\u00bb width=\u00bb1\/1&#8243; el_position=\u00bbfirst last\u00bb] GoExport fue fundada en septiembre de 2007 por Mathieu Alarie y Louis-Philippe Bourgeois. Los dos copropietarios, con su experiencia en el desarrollo de alianzas empresariales, asociaciones estrat\u00e9gicas y las exportaciones, se han dado la misi\u00f3n de desarrollar las ventas de los fabricantes en Am\u00e9rica Latina, una regi\u00f3n del mundo todav\u00eda en ebullici\u00f3n. [\/spb_text_block] [blank_spacer [&hellip;]<\/p>\n","protected":false},"author":6,"featured_media":0,"parent":0,"menu_order":28,"comment_status":"closed","ping_status":"closed","template":"","meta":{"om_disable_all_campaigns":false,"_mi_skip_tracking":false,"_monsterinsights_sitenote_active":false,"_monsterinsights_sitenote_note":"","_monsterinsights_sitenote_category":0,"_uf_show_specific_survey":0,"_uf_disable_surveys":false,"footnotes":""},"aioseo_notices":[],"_links":{"self":[{"href":"https:\/\/www.goexport.ca\/es\/wp-json\/wp\/v2\/pages\/2203"}],"collection":[{"href":"https:\/\/www.goexport.ca\/es\/wp-json\/wp\/v2\/pages"}],"about":[{"href":"https:\/\/www.goexport.ca\/es\/wp-json\/wp\/v2\/types\/page"}],"author":[{"embeddable":true,"href":"https:\/\/www.goexport.ca\/es\/wp-json\/wp\/v2\/users\/6"}],"replies":[{"embeddable":true,"href":"https:\/\/www.goexport.ca\/es\/wp-json\/wp\/v2\/comments?post=2203"}],"version-history":[{"count":1,"href":"https:\/\/www.goexport.ca\/es\/wp-json\/wp\/v2\/pages\/2203\/revisions"}],"predecessor-version":[{"id":2204,"href":"https:\/\/www.goexport.ca\/es\/wp-json\/wp\/v2\/pages\/2203\/revisions\/2204"}],"wp:attachment":[{"href":"https:\/\/www.goexport.ca\/es\/wp-json\/wp\/v2\/media?parent=2203"}],"curies":[{"name":"wp","href":"https:\/\/api.w.org\/{rel}","templated":true}]}}